{"id":886,"date":"2022-06-29T09:25:06","date_gmt":"2022-06-29T09:25:06","guid":{"rendered":"https:\/\/pihtlapruul-ee.vserver.zonevs.eu\/?page_id=886"},"modified":"2022-07-12T06:00:43","modified_gmt":"2022-07-12T06:00:43","slug":"privaatsuspoliitika","status":"publish","type":"page","link":"https:\/\/pihtlapruul.ee\/en\/privaatsuspoliitika\/","title":{"rendered":"Privacy Policy"},"content":{"rendered":"<p>The controller of the personal data of the online shop shop.pihtlapruul.ee is O\u00dc Taako, with the registration code 10296214 and the address \u00d5llek\u00f6\u00f6gi, Pihtla k\u00fcla, Saaremaa parish, 94101. Phone +3725208010 and e-mail telli@pihtlapruul.ee.<\/p>\n<p>The data necessary for making payments is transferred to Maksekeskus AS, which is the authorized processor of this data. The data necessary to send the goods is transmitted to Itella Estonia O\u00dc or AS Eesti Post, which is the authorized processor of this data.<\/p>\n","protected":false},"excerpt":{"rendered":"The controller of the personal data of the online shop shop.pihtlapruul.ee is O\u00dc Taako, with the registration code 10296214 and the address \u00d5llek\u00f6\u00f6gi, Pihtla k\u00fcla, Saaremaa parish, 94101. Phone +3725208010 and e-mail telli@pihtlapruul.ee. The data necessary for making payments is transferred to Maksekeskus AS, which is the authorized processor of this data. The data necessary [&hellip;]","protected":false},"author":1,"featured_media":0,"parent":0,"menu_order":0,"comment_status":"closed","ping_status":"closed","template":"page-templates\/template-privacy.php","meta":{"_acf_changed":false,"inline_featured_image":false,"_uf_show_specific_survey":0,"_uf_disable_surveys":false,"footnotes":""},"class_list":["post-886","page","type-page","status-publish","hentry"],"acf":[],"aioseo_notices":[],"_links":{"self":[{"href":"https:\/\/pihtlapruul.ee\/en\/wp-json\/wp\/v2\/pages\/886","targetHints":{"allow":["GET"]}}],"collection":[{"href":"https:\/\/pihtlapruul.ee\/en\/wp-json\/wp\/v2\/pages"}],"about":[{"href":"https:\/\/pihtlapruul.ee\/en\/wp-json\/wp\/v2\/types\/page"}],"author":[{"embeddable":true,"href":"https:\/\/pihtlapruul.ee\/en\/wp-json\/wp\/v2\/users\/1"}],"replies":[{"embeddable":true,"href":"https:\/\/pihtlapruul.ee\/en\/wp-json\/wp\/v2\/comments?post=886"}],"version-history":[{"count":6,"href":"https:\/\/pihtlapruul.ee\/en\/wp-json\/wp\/v2\/pages\/886\/revisions"}],"predecessor-version":[{"id":1108,"href":"https:\/\/pihtlapruul.ee\/en\/wp-json\/wp\/v2\/pages\/886\/revisions\/1108"}],"wp:attachment":[{"href":"https:\/\/pihtlapruul.ee\/en\/wp-json\/wp\/v2\/media?parent=886"}],"curies":[{"name":"wp","href":"https:\/\/api.w.org\/{rel}","templated":true}]}}